{"id":2233,"date":"2024-08-27T10:55:52","date_gmt":"2024-08-27T10:55:52","guid":{"rendered":"https:\/\/mrain.dk\/?page_id=2233"},"modified":"2025-12-22T12:23:24","modified_gmt":"2025-12-22T12:23:24","slug":"plantoerring","status":"publish","type":"page","link":"https:\/\/mrain.dk\/en\/plantoerring\/","title":{"rendered":"Plant drying"},"content":{"rendered":"<div data-elementor-type=\"wp-page\" data-elementor-id=\"2233\" class=\"elementor elementor-2233\" data-elementor-post-type=\"page\">\n\t\t\t\t\t\t<section class=\"elementor-section elementor-top-section elementor-element elementor-element-0c4f1fd elementor-section-boxed elementor-section-height-default elementor-section-height-default\" data-id=\"0c4f1fd\" data-element_type=\"section\" data-e-type=\"section\">\n\t\t\t\t\t\t\t<div class=\"elementor-background-overlay\"><\/div>\n\t\t\t\t\t\t\t<div class=\"elementor-container elementor-column-gap-default\">\n\t\t\t\t\t<div class=\"elementor-column elementor-col-100 elementor-top-column elementor-element elementor-element-dcc79ab\" data-id=\"dcc79ab\" data-element_type=\"column\" data-e-type=\"column\">\n\t\t\t<div class=\"elementor-widget-wrap elementor-element-populated\">\n\t\t\t\t\t\t<section class=\"elementor-section elementor-inner-section elementor-element elementor-element-2d7b41f elementor-section-full_width elementor-section-height-default elementor-section-height-default\" data-id=\"2d7b41f\" data-element_type=\"section\" data-e-type=\"section\">\n\t\t\t\t\t\t<div class=\"elementor-container elementor-column-gap-default\">\n\t\t\t\t\t<div class=\"elementor-column elementor-col-50 elementor-inner-column elementor-element elementor-element-b4d4d08\" data-id=\"b4d4d08\" data-element_type=\"column\" data-e-type=\"column\">\n\t\t\t<div class=\"elementor-widget-wrap elementor-element-populated\">\n\t\t\t\t\t\t<div class=\"elementor-element elementor-element-d002fa9 elementor-widget elementor-widget-heading\" data-id=\"d002fa9\" data-element_type=\"widget\" data-e-type=\"widget\" data-widget_type=\"heading.default\">\n\t\t\t\t<div class=\"elementor-widget-container\">\n\t\t\t\t\t<h1 class=\"elementor-heading-title elementor-size-default\">Plant drying and drainage wrapping<\/h1>\t\t\t\t<\/div>\n\t\t\t\t<\/div>\n\t\t\t\t<div class=\"elementor-element elementor-element-385202b elementor-widget elementor-widget-text-editor\" data-id=\"385202b\" data-element_type=\"widget\" data-e-type=\"widget\" data-widget_type=\"text-editor.default\">\n\t\t\t\t<div class=\"elementor-widget-container\">\n\t\t\t\t\t\t\t\t\t<p><span style=\"color: var( --e-global-color-text );\">Mrain is proud to present plant drying as part of their range.<\/span><\/p><p><strong>Plant drying systems from Mrain are an efficient and flexible solution.<\/strong><\/p><p>Plant drying is for the farmer who wants optimal storage of crops such as grain, rapeseed, clover seed and potatoes. The system consists of PVC pipes that can easily be adapted to different needs and areas, even in older buildings without major renovations. By using a fan connected to the main and side channels, effective aeration and cooling of the crops is ensured. The investment in plant drying facilities is limited compared to permanent facilities, making it an economically advantageous solution for the farmer who wants to protect his harvest and ensure quality storage.<\/p><p><strong>Drain installation at MRAIN<\/strong><\/p><p>At MRAIN, we offer professional wrapping of drains in geotextile, so you can ensure optimal function and durability. We also help you with specially adapted socks for suction tips and plant drying tubes - perfect for those of you who grow seed grass and want a dry and efficient harvest.<\/p><p><strong>What can we help with?<\/strong><\/p><ul><li><strong>Installation of drains<\/strong> in geotextile for effective drainage.<\/li><li><strong>Specially made socks<\/strong> for suction tips and plant drying tubes.<\/li><li><strong>Ensuring optimal drainage<\/strong> in the fields, so you avoid excess water.<\/li><\/ul><p>With our solutions, you can create the best conditions for your crops and harvest with peace of mind. We work quickly and precisely, so you get a result that lasts.<\/p><p>Contact us today and find out how we can help you with drainage and accessories for plant drying pipes.<\/p>\t\t\t\t\t\t\t\t<\/div>\n\t\t\t\t<\/div>\n\t\t\t\t<div class=\"elementor-element elementor-element-2b5be50 elementor-widget__width-auto elementor-widget elementor-widget-button\" data-id=\"2b5be50\" data-element_type=\"widget\" data-e-type=\"widget\" data-widget_type=\"button.default\">\n\t\t\t\t<div class=\"elementor-widget-container\">\n\t\t\t\t\t\t\t\t\t<div class=\"elementor-button-wrapper\">\n\t\t\t\t\t<a class=\"elementor-button elementor-button-link elementor-size-sm\" href=\"https:\/\/mrain.dk\/en\/kontakt-os\/\">\n\t\t\t\t\t\t<span class=\"elementor-button-content-wrapper\">\n\t\t\t\t\t\t<span class=\"elementor-button-icon\">\n\t\t\t\t<i aria-hidden=\"true\" class=\"fas fa-tint\"><\/i>\t\t\t<\/span>\n\t\t\t\t\t\t\t\t\t<span class=\"elementor-button-text\">Get advice<\/span>\n\t\t\t\t\t<\/span>\n\t\t\t\t\t<\/a>\n\t\t\t\t<\/div>\n\t\t\t\t\t\t\t\t<\/div>\n\t\t\t\t<\/div>\n\t\t\t\t\t<\/div>\n\t\t<\/div>\n\t\t\t\t<div class=\"elementor-column elementor-col-50 elementor-inner-column elementor-element elementor-element-46bbe2e elementor-invisible\" data-id=\"46bbe2e\" data-element_type=\"column\" data-e-type=\"column\" data-settings=\"{&quot;animation&quot;:&quot;fadeIn&quot;}\">\n\t\t\t<div class=\"elementor-widget-wrap elementor-element-populated\">\n\t\t\t\t\t\t<div class=\"elementor-element elementor-element-a6a8139 elementor-widget elementor-widget-image\" data-id=\"a6a8139\" data-element_type=\"widget\" data-e-type=\"widget\" data-widget_type=\"image.default\">\n\t\t\t\t<div class=\"elementor-widget-container\">\n\t\t\t\t\t\t\t\t\t\t\t\t\t\t\t<img decoding=\"async\" width=\"440\" height=\"78\" src=\"https:\/\/mrain.dk\/wp-content\/uploads\/2024\/08\/plantoerring-logo.png\" class=\"attachment-full size-full wp-image-2236\" alt=\"\" srcset=\"https:\/\/mrain.dk\/wp-content\/uploads\/2024\/08\/plantoerring-logo.png 440w, https:\/\/mrain.dk\/wp-content\/uploads\/2024\/08\/plantoerring-logo-18x3.png 18w\" sizes=\"(max-width: 440px) 100vw, 440px\" \/>\t\t\t\t\t\t\t\t\t\t\t\t\t\t\t<\/div>\n\t\t\t\t<\/div>\n\t\t\t\t<div class=\"elementor-element elementor-element-7a1c191 elementor-widget elementor-widget-text-editor\" data-id=\"7a1c191\" data-element_type=\"widget\" data-e-type=\"widget\" data-widget_type=\"text-editor.default\">\n\t\t\t\t<div class=\"elementor-widget-container\">\n\t\t\t\t\t\t\t\t\t<p><strong>Would you like to know more? <\/strong><\/p><p>- Then you are welcome to <a href=\"https:\/\/mrain.dk\/en\/kontakt-os\/\">contact us<\/a><\/p>\t\t\t\t\t\t\t\t<\/div>\n\t\t\t\t<\/div>\n\t\t\t\t\t<\/div>\n\t\t<\/div>\n\t\t\t\t\t<\/div>\n\t\t<\/section>\n\t\t\t\t<section class=\"elementor-section elementor-inner-section elementor-element elementor-element-483f458 elementor-section-full_width elementor-section-height-default elementor-section-height-default\" data-id=\"483f458\" data-element_type=\"section\" data-e-type=\"section\">\n\t\t\t\t\t\t<div class=\"elementor-container elementor-column-gap-default\">\n\t\t\t\t\t<div class=\"elementor-column elementor-col-100 elementor-inner-column elementor-element elementor-element-950fd1e\" data-id=\"950fd1e\" data-element_type=\"column\" data-e-type=\"column\">\n\t\t\t<div class=\"elementor-widget-wrap elementor-element-populated\">\n\t\t\t\t\t\t<div class=\"elementor-element elementor-element-718cc35 elementor-widget elementor-widget-heading\" data-id=\"718cc35\" data-element_type=\"widget\" data-e-type=\"widget\" data-widget_type=\"heading.default\">\n\t\t\t\t<div class=\"elementor-widget-container\">\n\t\t\t\t\t<h3 class=\"elementor-heading-title elementor-size-default\">Brochures<\/h3>\t\t\t\t<\/div>\n\t\t\t\t<\/div>\n\t\t\t\t\t<\/div>\n\t\t<\/div>\n\t\t\t\t\t<\/div>\n\t\t<\/section>\n\t\t\t\t<section class=\"elementor-section elementor-inner-section elementor-element elementor-element-35a4f12 elementor-section-full_width elementor-section-height-default elementor-section-height-default elementor-invisible\" data-id=\"35a4f12\" data-element_type=\"section\" data-e-type=\"section\" data-settings=\"{&quot;animation&quot;:&quot;fadeIn&quot;}\">\n\t\t\t\t\t\t<div class=\"elementor-container elementor-column-gap-default\">\n\t\t\t\t\t<div class=\"elementor-column elementor-col-50 elementor-inner-column elementor-element elementor-element-e2ffa46\" data-id=\"e2ffa46\" data-element_type=\"column\" data-e-type=\"column\">\n\t\t\t<div class=\"elementor-widget-wrap elementor-element-populated\">\n\t\t\t\t\t\t<div class=\"elementor-element elementor-element-029cb3a elementor-widget elementor-widget-image\" data-id=\"029cb3a\" data-element_type=\"widget\" data-e-type=\"widget\" data-widget_type=\"image.default\">\n\t\t\t\t<div class=\"elementor-widget-container\">\n\t\t\t\t\t\t\t\t\t\t\t\t\t\t\t<img fetchpriority=\"high\" decoding=\"async\" width=\"442\" height=\"486\" src=\"https:\/\/mrain.dk\/wp-content\/uploads\/2024\/08\/plantoerring-2.png\" class=\"attachment-large size-large wp-image-2237\" alt=\"\" srcset=\"https:\/\/mrain.dk\/wp-content\/uploads\/2024\/08\/plantoerring-2.png 442w, https:\/\/mrain.dk\/wp-content\/uploads\/2024\/08\/plantoerring-2-11x12.png 11w\" sizes=\"(max-width: 442px) 100vw, 442px\" \/>\t\t\t\t\t\t\t\t\t\t\t\t\t\t\t<\/div>\n\t\t\t\t<\/div>\n\t\t\t\t\t<\/div>\n\t\t<\/div>\n\t\t\t\t<div class=\"elementor-column elementor-col-50 elementor-inner-column elementor-element elementor-element-07e6adc\" data-id=\"07e6adc\" data-element_type=\"column\" data-e-type=\"column\">\n\t\t\t<div class=\"elementor-widget-wrap elementor-element-populated\">\n\t\t\t\t\t\t<div class=\"elementor-element elementor-element-18df783 elementor-icon-list--layout-traditional elementor-list-item-link-full_width elementor-widget elementor-widget-icon-list\" data-id=\"18df783\" data-element_type=\"widget\" data-e-type=\"widget\" data-widget_type=\"icon-list.default\">\n\t\t\t\t<div class=\"elementor-widget-container\">\n\t\t\t\t\t\t\t<ul class=\"elementor-icon-list-items\">\n\t\t\t\t\t\t\t<li class=\"elementor-icon-list-item\">\n\t\t\t\t\t\t\t\t\t\t\t<a href=\"https:\/\/mrain.dk\/wp-content\/uploads\/2024\/08\/Plantoerring.pdf\" target=\"_blank\">\n\n\t\t\t\t\t\t\t\t\t\t\t\t<span class=\"elementor-icon-list-icon\">\n\t\t\t\t\t\t\t<i aria-hidden=\"true\" class=\"fas fa-download\"><\/i>\t\t\t\t\t\t<\/span>\n\t\t\t\t\t\t\t\t\t\t<span class=\"elementor-icon-list-text\">Plant drying<\/span>\n\t\t\t\t\t\t\t\t\t\t\t<\/a>\n\t\t\t\t\t\t\t\t\t<\/li>\n\t\t\t\t\t\t<\/ul>\n\t\t\t\t\t\t<\/div>\n\t\t\t\t<\/div>\n\t\t\t\t\t<\/div>\n\t\t<\/div>\n\t\t\t\t\t<\/div>\n\t\t<\/section>\n\t\t\t\t<div class=\"elementor-element elementor-element-5145111 elementor-widget elementor-widget-global elementor-global-2674 elementor-widget-heading\" data-id=\"5145111\" data-element_type=\"widget\" data-e-type=\"widget\" id=\"forhandlere\" data-widget_type=\"heading.default\">\n\t\t\t\t<div class=\"elementor-widget-container\">\n\t\t\t\t\t<h3 class=\"elementor-heading-title elementor-size-default\">Dealers<\/h3>\t\t\t\t<\/div>\n\t\t\t\t<\/div>\n\t\t\t\t<section class=\"elementor-section elementor-inner-section elementor-element elementor-element-e8f372f elementor-section-boxed elementor-section-height-default elementor-section-height-default\" data-id=\"e8f372f\" data-element_type=\"section\" data-e-type=\"section\">\n\t\t\t\t\t\t<div class=\"elementor-container elementor-column-gap-default\">\n\t\t\t\t\t<div class=\"elementor-column elementor-col-50 elementor-inner-column elementor-element elementor-element-bbe1562\" data-id=\"bbe1562\" data-element_type=\"column\" data-e-type=\"column\">\n\t\t\t<div class=\"elementor-widget-wrap elementor-element-populated\">\n\t\t\t\t\t\t<section class=\"elementor-section elementor-inner-section elementor-element elementor-element-3bf5442 elementor-section-full_width elementor-section-height-default elementor-section-height-default\" data-id=\"3bf5442\" data-element_type=\"section\" data-e-type=\"section\" data-settings=\"{&quot;background_background&quot;:&quot;classic&quot;}\">\n\t\t\t\t\t\t<div class=\"elementor-container elementor-column-gap-default\">\n\t\t\t\t\t<div class=\"elementor-column elementor-col-50 elementor-inner-column elementor-element elementor-element-301fc37\" data-id=\"301fc37\" data-element_type=\"column\" data-e-type=\"column\">\n\t\t\t<div class=\"elementor-widget-wrap elementor-element-populated\">\n\t\t\t\t\t\t<div class=\"elementor-element elementor-element-5ae7be1 elementor-widget elementor-widget-image\" data-id=\"5ae7be1\" data-element_type=\"widget\" data-e-type=\"widget\" data-widget_type=\"image.default\">\n\t\t\t\t<div class=\"elementor-widget-container\">\n\t\t\t\t\t\t\t\t\t\t\t\t\t\t\t<img decoding=\"async\" width=\"800\" height=\"967\" src=\"https:\/\/mrain.dk\/wp-content\/uploads\/2023\/10\/SP_logo_rgb_hoej_1800px_u_payoff-847x1024.png\" class=\"attachment-large size-large wp-image-1905\" alt=\"\" srcset=\"https:\/\/mrain.dk\/wp-content\/uploads\/2023\/10\/SP_logo_rgb_hoej_1800px_u_payoff-847x1024.png 847w, https:\/\/mrain.dk\/wp-content\/uploads\/2023\/10\/SP_logo_rgb_hoej_1800px_u_payoff-248x300.png 248w, https:\/\/mrain.dk\/wp-content\/uploads\/2023\/10\/SP_logo_rgb_hoej_1800px_u_payoff-768x928.png 768w, https:\/\/mrain.dk\/wp-content\/uploads\/2023\/10\/SP_logo_rgb_hoej_1800px_u_payoff-1271x1536.png 1271w, https:\/\/mrain.dk\/wp-content\/uploads\/2023\/10\/SP_logo_rgb_hoej_1800px_u_payoff-1694x2048.png 1694w, https:\/\/mrain.dk\/wp-content\/uploads\/2023\/10\/SP_logo_rgb_hoej_1800px_u_payoff-10x12.png 10w, https:\/\/mrain.dk\/wp-content\/uploads\/2023\/10\/SP_logo_rgb_hoej_1800px_u_payoff.png 1800w\" sizes=\"(max-width: 800px) 100vw, 800px\" \/>\t\t\t\t\t\t\t\t\t\t\t\t\t\t\t<\/div>\n\t\t\t\t<\/div>\n\t\t\t\t\t<\/div>\n\t\t<\/div>\n\t\t\t\t<div class=\"elementor-column elementor-col-50 elementor-inner-column elementor-element elementor-element-66fdc4e\" data-id=\"66fdc4e\" data-element_type=\"column\" data-e-type=\"column\">\n\t\t\t<div class=\"elementor-widget-wrap elementor-element-populated\">\n\t\t\t\t\t\t<div class=\"elementor-element elementor-element-9e1e23b elementor-icon-list--layout-traditional elementor-list-item-link-full_width elementor-widget elementor-widget-icon-list\" data-id=\"9e1e23b\" data-element_type=\"widget\" data-e-type=\"widget\" data-widget_type=\"icon-list.default\">\n\t\t\t\t<div class=\"elementor-widget-container\">\n\t\t\t\t\t\t\t<ul class=\"elementor-icon-list-items\">\n\t\t\t\t\t\t\t<li class=\"elementor-icon-list-item\">\n\t\t\t\t\t\t\t\t\t\t\t<a href=\"mailto:scanpipe@scanpipe.dk\">\n\n\t\t\t\t\t\t\t\t\t\t\t\t<span class=\"elementor-icon-list-icon\">\n\t\t\t\t\t\t\t<i aria-hidden=\"true\" class=\"fas fa-envelope\"><\/i>\t\t\t\t\t\t<\/span>\n\t\t\t\t\t\t\t\t\t\t<span class=\"elementor-icon-list-text\">scanpipe@scanpipe.dk<\/span>\n\t\t\t\t\t\t\t\t\t\t\t<\/a>\n\t\t\t\t\t\t\t\t\t<\/li>\n\t\t\t\t\t\t\t\t<li class=\"elementor-icon-list-item\">\n\t\t\t\t\t\t\t\t\t\t\t<a href=\"https:\/\/mrain.dk\/en\/forhandlere\/\">\n\n\t\t\t\t\t\t\t\t\t\t\t\t<span class=\"elementor-icon-list-icon\">\n\t\t\t\t\t\t\t<i aria-hidden=\"true\" class=\"fas fa-phone-alt\"><\/i>\t\t\t\t\t\t<\/span>\n\t\t\t\t\t\t\t\t\t\t<span class=\"elementor-icon-list-text\">+45 63 76 30 30<\/span>\n\t\t\t\t\t\t\t\t\t\t\t<\/a>\n\t\t\t\t\t\t\t\t\t<\/li>\n\t\t\t\t\t\t\t\t<li class=\"elementor-icon-list-item\">\n\t\t\t\t\t\t\t\t\t\t\t<span class=\"elementor-icon-list-icon\">\n\t\t\t\t\t\t\t<i aria-hidden=\"true\" class=\"fas fa-map-marker-alt\"><\/i>\t\t\t\t\t\t<\/span>\n\t\t\t\t\t\t\t\t\t\t<span class=\"elementor-icon-list-text\">Hvidk\u00e6rvej 7, 5250 Odense SV<\/span>\n\t\t\t\t\t\t\t\t\t<\/li>\n\t\t\t\t\t\t\t\t<li class=\"elementor-icon-list-item\">\n\t\t\t\t\t\t\t\t\t\t\t<a href=\"https:\/\/www.scanpipe.dk\/\" target=\"_blank\">\n\n\t\t\t\t\t\t\t\t\t\t\t\t<span class=\"elementor-icon-list-icon\">\n\t\t\t\t\t\t\t<i aria-hidden=\"true\" class=\"fas fa-globe\"><\/i>\t\t\t\t\t\t<\/span>\n\t\t\t\t\t\t\t\t\t\t<span class=\"elementor-icon-list-text\">Scanpipe.dk<\/span>\n\t\t\t\t\t\t\t\t\t\t\t<\/a>\n\t\t\t\t\t\t\t\t\t<\/li>\n\t\t\t\t\t\t\t\t<li class=\"elementor-icon-list-item\">\n\t\t\t\t\t\t\t\t\t\t\t<span class=\"elementor-icon-list-icon\">\n\t\t\t\t\t\t\t<i aria-hidden=\"true\" class=\"fas fa-check\"><\/i>\t\t\t\t\t\t<\/span>\n\t\t\t\t\t\t\t\t\t\t<span class=\"elementor-icon-list-text\">Dealer of all agencies<\/span>\n\t\t\t\t\t\t\t\t\t<\/li>\n\t\t\t\t\t\t<\/ul>\n\t\t\t\t\t\t<\/div>\n\t\t\t\t<\/div>\n\t\t\t\t\t<\/div>\n\t\t<\/div>\n\t\t\t\t\t<\/div>\n\t\t<\/section>\n\t\t\t\t\t<\/div>\n\t\t<\/div>\n\t\t\t\t<div class=\"elementor-column elementor-col-50 elementor-inner-column elementor-element elementor-element-32b0d52\" data-id=\"32b0d52\" data-element_type=\"column\" data-e-type=\"column\">\n\t\t\t<div class=\"elementor-widget-wrap\">\n\t\t\t\t\t\t\t<\/div>\n\t\t<\/div>\n\t\t\t\t\t<\/div>\n\t\t<\/section>\n\t\t\t\t\t<\/div>\n\t\t<\/div>\n\t\t\t\t\t<\/div>\n\t\t<\/section>\n\t\t\t\t<\/div>","protected":false},"excerpt":{"rendered":"<p>Plant\u00f8rring og dr\u00e6n bevikling Mrain er stolte af at kunne pr\u00e6sentere plant\u00f8rring som en del af deres sortiment. Plant\u00f8rringsanl\u00e6g fra Mrain er en effektiv og fleksibel l\u00f8sning. Plant\u00f8rring er til landmanden, der \u00f8nsker optimal opbevaring af afgr\u00f8der som korn, raps, kl\u00f8verfr\u00f8 og kartofler. Anl\u00e6gget best\u00e5r af PVC-r\u00f8r, der nemt kan tilpasses forskellige behov og arealer, [&hellip;]<\/p>\n","protected":false},"author":7,"featured_media":0,"parent":0,"menu_order":0,"comment_status":"closed","ping_status":"closed","template":"","meta":{"footnotes":""},"class_list":["post-2233","page","type-page","status-publish","hentry"],"yoast_head":"<!-- This site is optimized with the Yoast SEO plugin v27.3 - https:\/\/yoast.com\/product\/yoast-seo-wordpress\/ -->\n<title>Plant\u00f8rring - Mrain.dk<\/title>\n<meta name=\"description\" content=\"MRain pr\u00e6senterer Plant\u00f8rring \u2013 fleksible anl\u00e6g til landbruget for forhandlere.\" \/>\n<meta name=\"robots\" content=\"index, follow, max-snippet:-1, max-image-preview:large, max-video-preview:-1\" \/>\n<link rel=\"canonical\" href=\"https:\/\/mrain.dk\/en\/plantoerring\/\" \/>\n<meta property=\"og:locale\" content=\"en_GB\" \/>\n<meta property=\"og:type\" content=\"article\" \/>\n<meta property=\"og:title\" content=\"Plant\u00f8rring - Mrain.dk\" \/>\n<meta property=\"og:description\" content=\"MRain pr\u00e6senterer Plant\u00f8rring \u2013 fleksible anl\u00e6g til landbruget for forhandlere.\" \/>\n<meta property=\"og:url\" content=\"https:\/\/mrain.dk\/en\/plantoerring\/\" \/>\n<meta property=\"og:site_name\" content=\"Mrain.dk\" \/>\n<meta property=\"article:modified_time\" content=\"2025-12-22T12:23:24+00:00\" \/>\n<meta property=\"og:image\" content=\"https:\/\/mrain.dk\/wp-content\/uploads\/2024\/08\/plantoerring-logo.png\" \/>\n\t<meta property=\"og:image:width\" content=\"440\" \/>\n\t<meta property=\"og:image:height\" content=\"78\" \/>\n\t<meta property=\"og:image:type\" content=\"image\/png\" \/>\n<meta name=\"twitter:card\" content=\"summary_large_image\" \/>\n<meta name=\"twitter:label1\" content=\"Estimated reading time\" \/>\n\t<meta name=\"twitter:data1\" content=\"3 minutes\" \/>\n<script type=\"application\/ld+json\" class=\"yoast-schema-graph\">{\"@context\":\"https:\\\/\\\/schema.org\",\"@graph\":[{\"@type\":\"WebPage\",\"@id\":\"https:\\\/\\\/mrain.dk\\\/plantoerring\\\/\",\"url\":\"https:\\\/\\\/mrain.dk\\\/plantoerring\\\/\",\"name\":\"Plant\u00f8rring - Mrain.dk\",\"isPartOf\":{\"@id\":\"https:\\\/\\\/mrain.dk\\\/#website\"},\"primaryImageOfPage\":{\"@id\":\"https:\\\/\\\/mrain.dk\\\/plantoerring\\\/#primaryimage\"},\"image\":{\"@id\":\"https:\\\/\\\/mrain.dk\\\/plantoerring\\\/#primaryimage\"},\"thumbnailUrl\":\"https:\\\/\\\/mrain.dk\\\/wp-content\\\/uploads\\\/2024\\\/08\\\/plantoerring-logo.png\",\"datePublished\":\"2024-08-27T10:55:52+00:00\",\"dateModified\":\"2025-12-22T12:23:24+00:00\",\"description\":\"MRain pr\u00e6senterer Plant\u00f8rring \u2013 fleksible anl\u00e6g til landbruget for forhandlere.\",\"breadcrumb\":{\"@id\":\"https:\\\/\\\/mrain.dk\\\/plantoerring\\\/#breadcrumb\"},\"inLanguage\":\"en-GB\",\"potentialAction\":[{\"@type\":\"ReadAction\",\"target\":[\"https:\\\/\\\/mrain.dk\\\/plantoerring\\\/\"]}]},{\"@type\":\"ImageObject\",\"inLanguage\":\"en-GB\",\"@id\":\"https:\\\/\\\/mrain.dk\\\/plantoerring\\\/#primaryimage\",\"url\":\"https:\\\/\\\/mrain.dk\\\/wp-content\\\/uploads\\\/2024\\\/08\\\/plantoerring-logo.png\",\"contentUrl\":\"https:\\\/\\\/mrain.dk\\\/wp-content\\\/uploads\\\/2024\\\/08\\\/plantoerring-logo.png\"},{\"@type\":\"BreadcrumbList\",\"@id\":\"https:\\\/\\\/mrain.dk\\\/plantoerring\\\/#breadcrumb\",\"itemListElement\":[{\"@type\":\"ListItem\",\"position\":1,\"name\":\"Hjem\",\"item\":\"https:\\\/\\\/mrain.dk\\\/\"},{\"@type\":\"ListItem\",\"position\":2,\"name\":\"Plant\u00f8rring\"}]},{\"@type\":\"WebSite\",\"@id\":\"https:\\\/\\\/mrain.dk\\\/#website\",\"url\":\"https:\\\/\\\/mrain.dk\\\/\",\"name\":\"Mrain.dk\",\"description\":\"M Rain Systems\",\"publisher\":{\"@id\":\"https:\\\/\\\/mrain.dk\\\/#organization\"},\"potentialAction\":[{\"@type\":\"SearchAction\",\"target\":{\"@type\":\"EntryPoint\",\"urlTemplate\":\"https:\\\/\\\/mrain.dk\\\/?s={search_term_string}\"},\"query-input\":{\"@type\":\"PropertyValueSpecification\",\"valueRequired\":true,\"valueName\":\"search_term_string\"}}],\"inLanguage\":\"en-GB\"},{\"@type\":\"Organization\",\"@id\":\"https:\\\/\\\/mrain.dk\\\/#organization\",\"name\":\"M Rain\",\"url\":\"https:\\\/\\\/mrain.dk\\\/\",\"logo\":{\"@type\":\"ImageObject\",\"inLanguage\":\"en-GB\",\"@id\":\"https:\\\/\\\/mrain.dk\\\/#\\\/schema\\\/logo\\\/image\\\/\",\"url\":\"https:\\\/\\\/mrain.dk\\\/wp-content\\\/uploads\\\/2022\\\/12\\\/M-Rainsystem-M.png\",\"contentUrl\":\"https:\\\/\\\/mrain.dk\\\/wp-content\\\/uploads\\\/2022\\\/12\\\/M-Rainsystem-M.png\",\"width\":1352,\"height\":911,\"caption\":\"M Rain\"},\"image\":{\"@id\":\"https:\\\/\\\/mrain.dk\\\/#\\\/schema\\\/logo\\\/image\\\/\"}}]}<\/script>\n<!-- \/ Yoast SEO plugin. -->","yoast_head_json":{"title":"Plant drying - Mrain.dk","description":"MRain presents Plant Drying \u2013 flexible systems for agriculture for dealers.","robots":{"index":"index","follow":"follow","max-snippet":"max-snippet:-1","max-image-preview":"max-image-preview:large","max-video-preview":"max-video-preview:-1"},"canonical":"https:\/\/mrain.dk\/en\/plantoerring\/","og_locale":"en_GB","og_type":"article","og_title":"Plant\u00f8rring - Mrain.dk","og_description":"MRain pr\u00e6senterer Plant\u00f8rring \u2013 fleksible anl\u00e6g til landbruget for forhandlere.","og_url":"https:\/\/mrain.dk\/en\/plantoerring\/","og_site_name":"Mrain.dk","article_modified_time":"2025-12-22T12:23:24+00:00","og_image":[{"width":440,"height":78,"url":"https:\/\/mrain.dk\/wp-content\/uploads\/2024\/08\/plantoerring-logo.png","type":"image\/png"}],"twitter_card":"summary_large_image","twitter_misc":{"Estimated reading time":"3 minutes"},"schema":{"@context":"https:\/\/schema.org","@graph":[{"@type":"WebPage","@id":"https:\/\/mrain.dk\/plantoerring\/","url":"https:\/\/mrain.dk\/plantoerring\/","name":"Plant drying - Mrain.dk","isPartOf":{"@id":"https:\/\/mrain.dk\/#website"},"primaryImageOfPage":{"@id":"https:\/\/mrain.dk\/plantoerring\/#primaryimage"},"image":{"@id":"https:\/\/mrain.dk\/plantoerring\/#primaryimage"},"thumbnailUrl":"https:\/\/mrain.dk\/wp-content\/uploads\/2024\/08\/plantoerring-logo.png","datePublished":"2024-08-27T10:55:52+00:00","dateModified":"2025-12-22T12:23:24+00:00","description":"MRain presents Plant Drying \u2013 flexible systems for agriculture for dealers.","breadcrumb":{"@id":"https:\/\/mrain.dk\/plantoerring\/#breadcrumb"},"inLanguage":"en-GB","potentialAction":[{"@type":"ReadAction","target":["https:\/\/mrain.dk\/plantoerring\/"]}]},{"@type":"ImageObject","inLanguage":"en-GB","@id":"https:\/\/mrain.dk\/plantoerring\/#primaryimage","url":"https:\/\/mrain.dk\/wp-content\/uploads\/2024\/08\/plantoerring-logo.png","contentUrl":"https:\/\/mrain.dk\/wp-content\/uploads\/2024\/08\/plantoerring-logo.png"},{"@type":"BreadcrumbList","@id":"https:\/\/mrain.dk\/plantoerring\/#breadcrumb","itemListElement":[{"@type":"ListItem","position":1,"name":"Hjem","item":"https:\/\/mrain.dk\/"},{"@type":"ListItem","position":2,"name":"Plant\u00f8rring"}]},{"@type":"WebSite","@id":"https:\/\/mrain.dk\/#website","url":"https:\/\/mrain.dk\/","name":"Mrain.dk","description":"M Rain Systems","publisher":{"@id":"https:\/\/mrain.dk\/#organization"},"potentialAction":[{"@type":"SearchAction","target":{"@type":"EntryPoint","urlTemplate":"https:\/\/mrain.dk\/?s={search_term_string}"},"query-input":{"@type":"PropertyValueSpecification","valueRequired":true,"valueName":"search_term_string"}}],"inLanguage":"en-GB"},{"@type":"Organization","@id":"https:\/\/mrain.dk\/#organization","name":"M Rain","url":"https:\/\/mrain.dk\/","logo":{"@type":"ImageObject","inLanguage":"en-GB","@id":"https:\/\/mrain.dk\/#\/schema\/logo\/image\/","url":"https:\/\/mrain.dk\/wp-content\/uploads\/2022\/12\/M-Rainsystem-M.png","contentUrl":"https:\/\/mrain.dk\/wp-content\/uploads\/2022\/12\/M-Rainsystem-M.png","width":1352,"height":911,"caption":"M Rain"},"image":{"@id":"https:\/\/mrain.dk\/#\/schema\/logo\/image\/"}}]}},"_links":{"self":[{"href":"https:\/\/mrain.dk\/en\/wp-json\/wp\/v2\/pages\/2233","targetHints":{"allow":["GET"]}}],"collection":[{"href":"https:\/\/mrain.dk\/en\/wp-json\/wp\/v2\/pages"}],"about":[{"href":"https:\/\/mrain.dk\/en\/wp-json\/wp\/v2\/types\/page"}],"author":[{"embeddable":true,"href":"https:\/\/mrain.dk\/en\/wp-json\/wp\/v2\/users\/7"}],"replies":[{"embeddable":true,"href":"https:\/\/mrain.dk\/en\/wp-json\/wp\/v2\/comments?post=2233"}],"version-history":[{"count":5,"href":"https:\/\/mrain.dk\/en\/wp-json\/wp\/v2\/pages\/2233\/revisions"}],"predecessor-version":[{"id":2724,"href":"https:\/\/mrain.dk\/en\/wp-json\/wp\/v2\/pages\/2233\/revisions\/2724"}],"wp:attachment":[{"href":"https:\/\/mrain.dk\/en\/wp-json\/wp\/v2\/media?parent=2233"}],"curies":[{"name":"wp","href":"https:\/\/api.w.org\/{rel}","templated":true}]}}